 
{"id":1696,"date":"2024-01-24T10:11:07","date_gmt":"2024-01-24T08:11:07","guid":{"rendered":"http:\/\/www.saskia.fi\/?page_id=1696"},"modified":"2025-10-10T10:05:25","modified_gmt":"2025-10-10T07:05:25","slug":"saskia-tuotteet","status":"publish","type":"page","link":"http:\/\/www.saskia.fi\/index.php\/saskia-tuotteet\/","title":{"rendered":"Saskia-tuotteet"},"content":{"rendered":"<div id=\"full_center\">Yhdistyksen 75-juhlavuoden kunniaksi ja varainhankintamme tueksi tilasimme erilaisia Saskia-tuotteita.<br \/>\nMik\u00e4li haluat tukea kuvataiteilijoiden avustustoimintaamme, voit hankkia seuraavia itsellesi ja lahjaksi sopivia tuotteitamme:<\/p>\n<h2>1. Saskia-riipus<\/h2>\n<p>Modo Mion valmistama peilikoru, jonka etupuolella on Rembrandtin maalaus Saskiasta ja toisella puolella peili. Riipuksen hinta on 45 \u20ac.<\/p>\n<h2>2. Saskia-korvakorut<\/h2>\n<p>Modo Mio on valmistanut my\u00f6s samaan sarjaan kuuluvat korvakorut. Toisella puolella on Saskian kuva ja toisella puolella teksti Saskia. Korujen hinta on 50 \u20ac\/pari.<\/p>\n<h2>3. Turvaheijastin<\/h2>\n<p>CE-turvallisuusvaatimukset t\u00e4ytt\u00e4v\u00e4n pinkin heijastimen kummallakin puolella on teksti <strong>S<\/strong>Taidetta ja el\u00e4m\u00e4\u00e4 &#8211; Helsingin Saskiat. Heijastimen myyntihinta on 7 \u20ac \/kpl ja 12 \u20ac \/2kpl.<\/p>\n<p><img decoding=\"async\" loading=\"lazy\" class=\"alignnone wp-image-2016 size-medium\" src=\"http:\/\/www.saskia.fi\/wp-content\/uploads\/2024\/09\/2023-Saskia-riipus-300x253.jpg\" alt=\"\" width=\"300\" height=\"253\" srcset=\"http:\/\/www.saskia.fi\/wp-content\/uploads\/2024\/09\/2023-Saskia-riipus-300x253.jpg 300w, http:\/\/www.saskia.fi\/wp-content\/uploads\/2024\/09\/2023-Saskia-riipus.jpg 640w\" sizes=\"(max-width: 300px) 100vw, 300px\" \/>\u00a0 \u00a0<img decoding=\"async\" loading=\"lazy\" class=\"alignnone wp-image-2019 size-medium\" src=\"http:\/\/www.saskia.fi\/wp-content\/uploads\/2024\/09\/2023-Saskia-korvakorut-300x217.jpg\" alt=\"\" width=\"300\" height=\"217\" srcset=\"http:\/\/www.saskia.fi\/wp-content\/uploads\/2024\/09\/2023-Saskia-korvakorut-300x217.jpg 300w, http:\/\/www.saskia.fi\/wp-content\/uploads\/2024\/09\/2023-Saskia-korvakorut.jpg 640w\" sizes=\"(max-width: 300px) 100vw, 300px\" \/>\u00a0 \u00a0<img decoding=\"async\" loading=\"lazy\" class=\"alignnone wp-image-2017 size-medium\" src=\"http:\/\/www.saskia.fi\/wp-content\/uploads\/2024\/09\/2023-Saskia-heijastimet-300x234.jpg\" alt=\"\" width=\"300\" height=\"234\" srcset=\"http:\/\/www.saskia.fi\/wp-content\/uploads\/2024\/09\/2023-Saskia-heijastimet-300x234.jpg 300w, http:\/\/www.saskia.fi\/wp-content\/uploads\/2024\/09\/2023-Saskia-heijastimet.jpg 640w\" sizes=\"(max-width: 300px) 100vw, 300px\" \/>\u00a0 \u00a0<img decoding=\"async\" loading=\"lazy\" class=\"alignnone wp-image-2018 size-medium\" src=\"http:\/\/www.saskia.fi\/wp-content\/uploads\/2024\/09\/2023-Saskia-julkaisu-75v-205x300.jpeg\" alt=\"\" width=\"205\" height=\"300\" srcset=\"http:\/\/www.saskia.fi\/wp-content\/uploads\/2024\/09\/2023-Saskia-julkaisu-75v-205x300.jpeg 205w, http:\/\/www.saskia.fi\/wp-content\/uploads\/2024\/09\/2023-Saskia-julkaisu-75v-701x1024.jpeg 701w, http:\/\/www.saskia.fi\/wp-content\/uploads\/2024\/09\/2023-Saskia-julkaisu-75v-768x1123.jpeg 768w, http:\/\/www.saskia.fi\/wp-content\/uploads\/2024\/09\/2023-Saskia-julkaisu-75v-1051x1536.jpeg 1051w, http:\/\/www.saskia.fi\/wp-content\/uploads\/2024\/09\/2023-Saskia-julkaisu-75v-1401x2048.jpeg 1401w, http:\/\/www.saskia.fi\/wp-content\/uploads\/2024\/09\/2023-Saskia-julkaisu-75v-scaled.jpeg 1751w\" sizes=\"(max-width: 205px) 100vw, 205px\" \/><\/p>\n<\/div>\n","protected":false},"excerpt":{"rendered":"<p>Yhdistyksen 75-juhlavuoden kunniaksi ja varainhankintamme tueksi tilasimme erilaisia Saskia-tuotteita. Mik\u00e4li haluat tukea kuvataiteilijoiden avustustoimintaamme, voit hankkia seuraavia itsellesi ja lahjaksi sopivia tuotteitamme: 1. Saskia-riipus Modo Mion valmistama peilikoru, jonka etupuolella on Rembrandtin maalaus Saskiasta ja toisella puolella peili. Riipuksen hinta on 45 \u20ac. 2. Saskia-korvakorut Modo Mio on valmistanut my\u00f6s samaan sarjaan kuuluvat korvakorut. Toisella [&hellip;]<\/p>\n","protected":false},"author":2,"featured_media":0,"parent":0,"menu_order":0,"comment_status":"closed","ping_status":"closed","template":"","meta":[],"_links":{"self":[{"href":"http:\/\/www.saskia.fi\/index.php\/wp-json\/wp\/v2\/pages\/1696"}],"collection":[{"href":"http:\/\/www.saskia.fi\/index.php\/wp-json\/wp\/v2\/pages"}],"about":[{"href":"http:\/\/www.saskia.fi\/index.php\/wp-json\/wp\/v2\/types\/page"}],"author":[{"embeddable":true,"href":"http:\/\/www.saskia.fi\/index.php\/wp-json\/wp\/v2\/users\/2"}],"replies":[{"embeddable":true,"href":"http:\/\/www.saskia.fi\/index.php\/wp-json\/wp\/v2\/comments?post=1696"}],"version-history":[{"count":19,"href":"http:\/\/www.saskia.fi\/index.php\/wp-json\/wp\/v2\/pages\/1696\/revisions"}],"predecessor-version":[{"id":2937,"href":"http:\/\/www.saskia.fi\/index.php\/wp-json\/wp\/v2\/pages\/1696\/revisions\/2937"}],"wp:attachment":[{"href":"http:\/\/www.saskia.fi\/index.php\/wp-json\/wp\/v2\/media?parent=1696"}],"curies":[{"name":"wp","href":"https:\/\/api.w.org\/{rel}","templated":true}]}}