 
{"id":29,"date":"2018-02-28T16:08:57","date_gmt":"2018-02-28T14:08:57","guid":{"rendered":"http:\/\/cee.dy.fi\/saskia\/?page_id=29"},"modified":"2026-02-10T14:14:57","modified_gmt":"2026-02-10T12:14:57","slug":"teosgalleria","status":"publish","type":"page","link":"https:\/\/www.saskia.fi\/index.php\/teosgalleria\/","title":{"rendered":"Teosgalleria"},"content":{"rendered":"<div id=\"full_center\">\n<h2>Saskia-galleria<\/h2>\n<h3>Korkeatasoista grafiikkaa &amp; Saskia-tuotteet \u2013 vain meilt\u00e4!<\/h3>\n<h3>Grafiikka<\/h3>\n<p>Helsingin Saskia ry on vuodesta 1999 alkaen julkaissut omaa grafiikan sarjaa. Yhteystiedot ja t\u00e4ll\u00e4 hetkell\u00e4 saatavissa olevat teokset:<\/p>\n<p><strong>Tiedustelut grafiikasta: <\/strong>Eila Alajoki, alajokie@gmail.com, puh. 040 706 6533<\/p>\n<p>&nbsp;<\/p>\n<p><strong>Kaisu Sirvi\u00f6, <\/strong>Lohdutus, 2024<strong><br \/>\n<\/strong><\/p>\n<p>Teoksen koko 42 x 52 cm<\/p>\n<p>Teoksen hinta 350 \u20ac<\/p>\n<p><img decoding=\"async\" loading=\"lazy\" class=\"alignnone wp-image-2471 size-medium\" src=\"http:\/\/www.saskia.fi\/wp-content\/uploads\/2024\/10\/2024-Kaisu-Sirvion-Lohdutus-228x300.jpg\" alt=\"\" width=\"228\" height=\"300\" srcset=\"https:\/\/www.saskia.fi\/wp-content\/uploads\/2024\/10\/2024-Kaisu-Sirvion-Lohdutus-228x300.jpg 228w, https:\/\/www.saskia.fi\/wp-content\/uploads\/2024\/10\/2024-Kaisu-Sirvion-Lohdutus.jpg 759w\" sizes=\"(max-width: 228px) 100vw, 228px\" \/><\/p>\n<p>&nbsp;<\/p>\n<p><strong>Karoliina Hellberg<\/strong>, Clouds, 2022.<br \/>\nTeoksen koko 49,50 x 67,50 cm (kuva-ala 31 x 60).<br \/>\nTeoksen hinta on 350 \u20ac<br \/>\n<img decoding=\"async\" loading=\"lazy\" class=\"alignnone wp-image-2024\" src=\"http:\/\/www.saskia.fi\/wp-content\/uploads\/2024\/09\/Clouds-1-150x150.jpg\" alt=\"\" width=\"150\" height=\"150\" srcset=\"https:\/\/www.saskia.fi\/wp-content\/uploads\/2024\/09\/Clouds-1-150x150.jpg 150w, https:\/\/www.saskia.fi\/wp-content\/uploads\/2024\/09\/Clouds-1.jpg 206w\" sizes=\"(max-width: 150px) 100vw, 150px\" \/><\/p>\n<p>&nbsp;<\/p>\n<p><strong>Tiina Kivinen, <\/strong>Uusi suunta, 2019, mezzotinta.<br \/>\nKuvan koko 20&#215;20 cm ja paperin koko 36 x 34 cm.<br \/>\nTeoksen hinta 320 \u20ac<\/p>\n<p><img decoding=\"async\" loading=\"lazy\" class=\"alignnone wp-image-2115 size-thumbnail\" src=\"http:\/\/www.saskia.fi\/wp-content\/uploads\/2024\/09\/DSC04021-150x150.jpg\" alt=\"\" width=\"150\" height=\"150\" srcset=\"https:\/\/www.saskia.fi\/wp-content\/uploads\/2024\/09\/DSC04021-150x150.jpg 150w, https:\/\/www.saskia.fi\/wp-content\/uploads\/2024\/09\/DSC04021-300x300.jpg 300w, https:\/\/www.saskia.fi\/wp-content\/uploads\/2024\/09\/DSC04021-1024x1024.jpg 1024w, https:\/\/www.saskia.fi\/wp-content\/uploads\/2024\/09\/DSC04021-768x767.jpg 768w, https:\/\/www.saskia.fi\/wp-content\/uploads\/2024\/09\/DSC04021-1536x1536.jpg 1536w, https:\/\/www.saskia.fi\/wp-content\/uploads\/2024\/09\/DSC04021-2048x2046.jpg 2048w\" sizes=\"(max-width: 150px) 100vw, 150px\" \/><\/p>\n<p>&nbsp;<\/p>\n<p><strong>Tapani Mikkonen\u2028<\/strong>, Saskia, 2008.<br \/>\nLitografia, vedos 59\/100, 28 x 38cm.<br \/>\nTeoksen hinta 250 \u20ac<\/p>\n<p><img decoding=\"async\" loading=\"lazy\" class=\"alignnone wp-image-2114 size-medium\" src=\"http:\/\/www.saskia.fi\/wp-content\/uploads\/2024\/09\/DSC04018-223x300.jpg\" alt=\"\" width=\"223\" height=\"300\" srcset=\"https:\/\/www.saskia.fi\/wp-content\/uploads\/2024\/09\/DSC04018-223x300.jpg 223w, https:\/\/www.saskia.fi\/wp-content\/uploads\/2024\/09\/DSC04018-760x1024.jpg 760w, https:\/\/www.saskia.fi\/wp-content\/uploads\/2024\/09\/DSC04018-768x1035.jpg 768w, https:\/\/www.saskia.fi\/wp-content\/uploads\/2024\/09\/DSC04018-1140x1536.jpg 1140w, https:\/\/www.saskia.fi\/wp-content\/uploads\/2024\/09\/DSC04018-1520x2048.jpg 1520w, https:\/\/www.saskia.fi\/wp-content\/uploads\/2024\/09\/DSC04018-scaled.jpg 1900w\" sizes=\"(max-width: 223px) 100vw, 223px\" \/><\/p>\n<p>&nbsp;<\/p>\n<p><strong>Antti Ojala<\/strong>, Norsu, 2005.<br \/>\nKivipiirros, 21 x 30 cm.<br \/>\nTeoksen hinta 150\u20ac, paspiksella 170 \u20ac<\/p>\n<p><img decoding=\"async\" loading=\"lazy\" class=\"alignnone wp-image-2113 size-medium\" src=\"http:\/\/www.saskia.fi\/wp-content\/uploads\/2024\/09\/DSC04013_1-300x223.jpg\" alt=\"\" width=\"300\" height=\"223\" srcset=\"https:\/\/www.saskia.fi\/wp-content\/uploads\/2024\/09\/DSC04013_1-300x223.jpg 300w, https:\/\/www.saskia.fi\/wp-content\/uploads\/2024\/09\/DSC04013_1-1024x761.jpg 1024w, https:\/\/www.saskia.fi\/wp-content\/uploads\/2024\/09\/DSC04013_1-768x570.jpg 768w, https:\/\/www.saskia.fi\/wp-content\/uploads\/2024\/09\/DSC04013_1-1536x1141.jpg 1536w, https:\/\/www.saskia.fi\/wp-content\/uploads\/2024\/09\/DSC04013_1-2048x1521.jpg 2048w\" sizes=\"(max-width: 300px) 100vw, 300px\" \/><\/p>\n<p>&nbsp;<\/p>\n<p><strong>Antero Toikka<\/strong>, Night Light, 2007.<br \/>\nSerigrafia, 41 x 41 cm.<br \/>\nTeoksen hinta 200 \u20ac<\/p>\n<p><img decoding=\"async\" loading=\"lazy\" class=\"alignnone wp-image-2111 size-medium\" src=\"http:\/\/www.saskia.fi\/wp-content\/uploads\/2024\/09\/20220907-150422-211x300.jpg\" alt=\"\" width=\"211\" height=\"300\" srcset=\"https:\/\/www.saskia.fi\/wp-content\/uploads\/2024\/09\/20220907-150422-211x300.jpg 211w, https:\/\/www.saskia.fi\/wp-content\/uploads\/2024\/09\/20220907-150422-720x1024.jpg 720w, https:\/\/www.saskia.fi\/wp-content\/uploads\/2024\/09\/20220907-150422-768x1092.jpg 768w, https:\/\/www.saskia.fi\/wp-content\/uploads\/2024\/09\/20220907-150422-1080x1536.jpg 1080w, https:\/\/www.saskia.fi\/wp-content\/uploads\/2024\/09\/20220907-150422-1441x2048.jpg 1441w, https:\/\/www.saskia.fi\/wp-content\/uploads\/2024\/09\/20220907-150422-scaled.jpg 1801w\" sizes=\"(max-width: 211px) 100vw, 211px\" \/><\/p>\n<p>&nbsp;<\/p>\n<p><strong>Tuula Lehtinen<\/strong>, Tillsl\u00f6tt &#8211; Hunnutettu, 2009.<br \/>\nKoko 17 x 25 cm.<br \/>\nTeoksen hinta 200 \u20ac, paspiksella 220 \u20ac.<\/p>\n<\/div>\n<p><img decoding=\"async\" loading=\"lazy\" class=\"alignnone wp-image-2112 size-thumbnail\" src=\"http:\/\/www.saskia.fi\/wp-content\/uploads\/2024\/09\/20240226-113735-150x150.jpg\" alt=\"\" width=\"150\" height=\"150\" \/><\/p>\n<div id=\"full_center\">\n<p>&nbsp;<\/p>\n<p><strong>Jorma Hautala<\/strong>, Syyskuu, 2003.<br \/>\nSerigrafia 60&#215;50.<br \/>\nTeoksen hinta 250 \u20ac.<\/p>\n<\/div>\n","protected":false},"excerpt":{"rendered":"<p>Saskia-galleria Korkeatasoista grafiikkaa &amp; Saskia-tuotteet \u2013 vain meilt\u00e4! Grafiikka Helsingin Saskia ry on vuodesta 1999 alkaen julkaissut omaa grafiikan sarjaa. Yhteystiedot ja t\u00e4ll\u00e4 hetkell\u00e4 saatavissa olevat teokset: Tiedustelut grafiikasta: Eila Alajoki, alajokie@gmail.com, puh. 040 706 6533 &nbsp; Kaisu Sirvi\u00f6, Lohdutus, 2024 Teoksen koko 42 x 52 cm Teoksen hinta 350 \u20ac &nbsp; Karoliina Hellberg, Clouds, [&hellip;]<\/p>\n","protected":false},"author":2,"featured_media":0,"parent":0,"menu_order":0,"comment_status":"closed","ping_status":"closed","template":"","meta":[],"_links":{"self":[{"href":"https:\/\/www.saskia.fi\/index.php\/wp-json\/wp\/v2\/pages\/29"}],"collection":[{"href":"https:\/\/www.saskia.fi\/index.php\/wp-json\/wp\/v2\/pages"}],"about":[{"href":"https:\/\/www.saskia.fi\/index.php\/wp-json\/wp\/v2\/types\/page"}],"author":[{"embeddable":true,"href":"https:\/\/www.saskia.fi\/index.php\/wp-json\/wp\/v2\/users\/2"}],"replies":[{"embeddable":true,"href":"https:\/\/www.saskia.fi\/index.php\/wp-json\/wp\/v2\/comments?post=29"}],"version-history":[{"count":77,"href":"https:\/\/www.saskia.fi\/index.php\/wp-json\/wp\/v2\/pages\/29\/revisions"}],"predecessor-version":[{"id":3121,"href":"https:\/\/www.saskia.fi\/index.php\/wp-json\/wp\/v2\/pages\/29\/revisions\/3121"}],"wp:attachment":[{"href":"https:\/\/www.saskia.fi\/index.php\/wp-json\/wp\/v2\/media?parent=29"}],"curies":[{"name":"wp","href":"https:\/\/api.w.org\/{rel}","templated":true}]}}