 
{"id":7,"date":"2017-10-11T17:02:04","date_gmt":"2017-10-11T14:02:04","guid":{"rendered":"http:\/\/cee.dy.fi\/saskia\/?page_id=7"},"modified":"2025-11-21T10:00:29","modified_gmt":"2025-11-21T08:00:29","slug":"toiminta","status":"publish","type":"page","link":"https:\/\/www.saskia.fi\/index.php\/toiminta\/","title":{"rendered":"Toiminta"},"content":{"rendered":"<div id=\"left_panel\">\n<div id=\"sidebar\">\n<h4>Otsikot<\/h4>\n<p><a href=\"#toiminta\">Toiminta<\/a><br \/>\n<a href=\"#varainhankinta\">Varainhankinta<\/a><br \/>\n<a href=\"#historiaa\">Historiaa<\/a><br \/>\n<a href=\"#esikuvana-rembrandtin-saskia\">Esikuvana Rembrandtin Saskia<\/a><br \/>\n<a href=\"#historiikkijulkaisut\">Historiikkijulkaisut<\/a><br \/>\n<a href=\"#saskia-mitali\">Saskia-mitali<\/a><\/p>\n<\/div>\n<\/div>\n<div id=\"center_panel\">\n<h2 id=\"otsikko_1\">77 vuotta ty\u00f6t\u00e4 taiteilijoiden ja taiteen hyv\u00e4ksi<\/h2>\n<p>Helsingin Saskia ry on taiteilijoiden puolisoiden vuonna 1948 perustama yhdistys.<\/p>\n<p>Yhdistys harjoittaa yleishy\u00f6dyllist\u00e4 hyv\u00e4ntekev\u00e4isyystoimintaa. Kaikki j\u00e4senet ty\u00f6skentelev\u00e4t vapaaehtoispohjalta.<\/p>\n<p>S\u00e4\u00e4nt\u00f6jen mukaan Helsingin Saskia ry:<\/p>\n<ol>\n<li>edist\u00e4\u00e4 ja tukee kuvataiteita.<\/li>\n<li>tukee aineellisesti ja henkisesti sairauden, kuolemantapauksen tai muun vastaavan syyn takia vaikeuksiin joutuneita p\u00e4\u00e4toimisia kuvataiteilijoita, heid\u00e4n leski\u00e4\u00e4n ja lapsiaan.<\/li>\n<li>pyrkii luomaan vankan yhteishengen j\u00e4sentens\u00e4 keskuuteen.<\/li>\n<\/ol>\n<h3 id=\"toiminta\">Toiminta<\/h3>\n<p>N\u00e4kyvin kuvataiteiden edist\u00e4mis- ja tukemismuoto on Saskioiden omistamien taideteosten deponointitoiminta. Lis\u00e4tietoja deponointitoiminnasta l\u00f6yd\u00e4t <a href=\"https:\/\/www.saskia.fi\/index.php\/taidetta_sairaaloihin-ja-muihin-kohteisiin\/\">t\u00e4st\u00e4<\/a>.<\/p>\n<p>Kuvataiteilijoita tuetaan jakamalla stipendej\u00e4 ja my\u00f6nt\u00e4m\u00e4ll\u00e4 avustuksia vaikeuksissa oleville taiteilijoille. Lis\u00e4tietoja avustuksista ja stipendeist\u00e4 l\u00f6yd\u00e4t\u00a0<a href=\"http:\/\/www.saskia.fi\/index.php\/avustukset\">t\u00e4st\u00e4<\/a>.<\/p>\n<p>Vankkaa yhteishenke\u00e4 yll\u00e4pidet\u00e4\u00e4n s\u00e4\u00e4nn\u00f6llisin j\u00e4sentapaamisin kuukausilounailla, kokouksissa, galleria- ja n\u00e4yttelyk\u00e4ynneill\u00e4, vierailuilla taiteilijoiden ty\u00f6huoneille sek\u00e4 retkill\u00e4 ja matkoilla. Yhteiset ponnistelut varojen ker\u00e4\u00e4miseksi mahdollistavat monia hauskoja tapaamisia ja sitovat j\u00e4senist\u00f6\u00e4 yhteen.<\/p>\n<h3 id=\"varainhankinta\">Varainhankinta<\/h3>\n<p>Yhdistys ker\u00e4\u00e4 p\u00e4\u00e4osan stipendi- ja avustusvaroistaan j\u00e4rjest\u00e4m\u00e4ll\u00e4 vuosittain <strong>taidearpajaiset<\/strong> ja <strong>joulumyyj\u00e4iset<\/strong>, joiden tuotot k\u00e4ytet\u00e4\u00e4n lyhent\u00e4m\u00e4tt\u00f6min\u00e4 taiteilijoiden tukemiseen. Taidearpajaisten voittoina jaetaan yhdistyksen omistamia teoksia. Joulumyyj\u00e4isiss\u00e4 myyd\u00e4\u00e4n taideteosten ja kirjojen ohella j\u00e4senten valmistamia elintarvikkeita ja askartelutuotteita.<\/p>\n<p>Yhdistyksell\u00e4 on <strong>grafiikan myyntisalkku<\/strong>, johon useat taiteilijat ovat vuosien varrella lahjoittaneet grafiikansarjan ja jonka myyntituotoilla voidaan tukea ja avustaa taiteilijoita. Uusimmat sarjat ovat vuonna 2024 valmistunut kuvataiteilija <strong>Kaisu Sirvi\u00f6n <\/strong>&#8221;Lohdutus&#8221; ja Karoliina Hellbergin \u201dClouds\u201d. Elina Luukasen, Inari Krohnin, Teija Immosen, Outi Heiskasen, Juho Karjalaisen, Marika M\u00e4kel\u00e4n ja Kuutti Lavosen lahjoittamat sarjat ovat loppuneet.<\/p>\n<p>Myynniss\u00e4 olevat teokset l\u00f6ytyv\u00e4t <a href=\"https:\/\/www.saskia.fi\/index.php\/teosgalleria\/\">t\u00e4st\u00e4<\/a>.<\/p>\n<h3 id=\"historiaa\">Historiaa<\/h3>\n<p>Helsingin Saskioiden toiminta sai alkunsa vuonna <strong>1948<\/strong> dramaattisissa olosuhteissa. Kuvanveist\u00e4j\u00e4 Ben Renvall oli sairastunut ja l\u00e4\u00e4k\u00e4ri ilmoitti, ett\u00e4 ulkomailta olisi saatavissa uutta, tehokasta, mutta hyvin kallista l\u00e4\u00e4kett\u00e4, streptomysiini\u00e4. Koska taiteilijalla ei ollut varaa l\u00e4\u00e4kkeen hankintaan, ker\u00e4siv\u00e4t taiteilijatoverit keskuudestaan tarvittavan summan. Ben Renvall sai l\u00e4\u00e4kkeens\u00e4 ja eli virke\u00e4n\u00e4 ja luomisvoimaisena viel\u00e4 yli 30 vuotta.<\/p>\n<p>Sota-ajan vaikeiden vuosien j\u00e4lkeen oli my\u00f6s moni muu taiteilija avun tarpeessa. Tuohon aikaan ei ollut sairausvakuutusta eik\u00e4 muuta sosiaalihuoltoa nykyisess\u00e4 laajuudessa. Taiteilijoiden vaimot tunsivat omakohtaisesti, miten t\u00e4rke\u00e4 olisi taiteilijain omasta \u2019perhepiirist\u00e4\u2019 l\u00e4htenyt avustusyhdistys.<\/p>\n<p>Tammikuun 14. p\u00e4iv\u00e4n\u00e4 1948 perustettiin Taiteilijain Rouvat ry \u2013 Konstn\u00e4rs Fruar rf, joka jo toisessa kokouksessaan 1.3. muutettiin Saskia ry:ksi. Vuonna 1956 nimest\u00e4 tuli Helsingin Saskia ry, koska muihinkin kaupunkeihin oli alkanut synty\u00e4 Saskia-yhdistyksi\u00e4.<\/p>\n<h3 id=\"esikuvana-rembrandtin-saskia\">Esikuvana Rembrandtin Saskia<\/h3>\n<p>Nimens\u00e4 yhdistys on saanut Rembrandtin (1606-69) vaimolta Saskialta. 1600-luvun Saskia oli miehelleen todellinen tuki ja innoituksen l\u00e4hde, ja h\u00e4nen kuolemansa vuonna 1642 oli Rembrandtille suuri menetys ja heijastui h\u00e4nen luovuuteensa.<\/p>\n<p>Vertauskuvallisen nimens\u00e4 mukaisesti Saskia ry ty\u00f6skentelee taiteilijoiden voimakkaana ja tarmokkaana innoittajana tukien kuvataiteilijoita sek\u00e4 henkisesti ett\u00e4 aineellisesti ty\u00f6rauhan, rahoituksen ja arvostuksen saamiseksi. Vaikka maailma \u2013 ja suomalainen yhteiskunta \u2013 muuttuu, Saskiat ovat s\u00e4ilytt\u00e4neet nimens\u00e4 ja teht\u00e4v\u00e4ns\u00e4.<\/p>\n<p><img decoding=\"async\" loading=\"lazy\" class=\"alignnone wp-image-2028 size-medium\" src=\"http:\/\/www.saskia.fi\/wp-content\/uploads\/2024\/09\/458374754_8521639287854771_6987372477559519451_n-233x300.jpg\" alt=\"\" width=\"233\" height=\"300\" srcset=\"https:\/\/www.saskia.fi\/wp-content\/uploads\/2024\/09\/458374754_8521639287854771_6987372477559519451_n-233x300.jpg 233w, https:\/\/www.saskia.fi\/wp-content\/uploads\/2024\/09\/458374754_8521639287854771_6987372477559519451_n.jpg 466w\" sizes=\"(max-width: 233px) 100vw, 233px\" \/> <img decoding=\"async\" loading=\"lazy\" class=\"alignnone wp-image-2051 size-medium\" src=\"http:\/\/www.saskia.fi\/wp-content\/uploads\/2024\/09\/rembrandt-267x300.jpg\" alt=\"\" width=\"267\" height=\"300\" srcset=\"https:\/\/www.saskia.fi\/wp-content\/uploads\/2024\/09\/rembrandt-267x300.jpg 267w, https:\/\/www.saskia.fi\/wp-content\/uploads\/2024\/09\/rembrandt.jpg 500w\" sizes=\"(max-width: 267px) 100vw, 267px\" \/><\/p>\n<h3 id=\"historiikkijulkaisut\">Historiikkijulkaisut<\/h3>\n<h4><strong>50-vuotisjulkaisu<\/strong><\/h4>\n<p>Helsingin Saskia ry:n on vuonna <strong>1998<\/strong> julkaissut historiikin: Helsingin Saskioiden viisi vuosikymment\u00e4.<\/p>\n<h4><strong>Saskia \u2013 taidetta ja el\u00e4m\u00e4\u00e4<\/strong><\/h4>\n<p>Toukokuussa <strong>2008<\/strong> ilmestyi Helsingin Saskioiden 60-vuotisjuhlakirja. Kirjassa on monipuolinen katsaus Saskioiden historiaan ja julkaisuajankohdan toimintaan, taiteilijael\u00e4m\u00e4n valoihin ja varjoihin. Mukana on yhdistyksess\u00e4mme vaikuttaneiden voimanaisten sek\u00e4 muutaman yhdistyksen p\u00e4\u00e4m\u00e4\u00e4ri\u00e4 edist\u00e4neen uroksenkin esittelyt. Kirja esittelee my\u00f6s ansiokkaan taidetta sairaaloihin -projektimme.<br \/>\nEik\u00e4 Saskiatkaan pelk\u00e4ll\u00e4 taiteella el\u00e4. Kirja sis\u00e4lt\u00e4\u00e4 Saskioiden oman keittokirjan: mukana on hyv\u00e4 valikoima ruokaohjeita, menuehdotuksia, myyj\u00e4isten kestosuosikkeja, juhlaruokia kymmenelle tai sadalle hengelle ja &#8221;niukkastarjoilut&#8221; kire\u00e4mpi\u00e4 taloudellisia aikoja varten.<br \/>\nKirjaa voi tilata 10 \u20ac hintaan.<\/p>\n<h4><strong>Saskia 75 vuotta \u2013 taidetta, vuosia, el\u00e4m\u00e4\u00e4<\/strong><\/h4>\n<p>Juhlavuoden kunniaksi yhdistys on huhtikuussa <strong>2023<\/strong> julkaissut 75-vuotishistoriikin. Kirja kertoo yhdistyksen toiminnasta ja kuvataiteelle antamasta tuesta 15 viime vuoden aikana. Kirjassa esitell\u00e4\u00e4n yhdistyksen tunnustuksia saaneita ja sen toimintaa tukeneita. Saskioiden l\u00e4heisist\u00e4 yst\u00e4vist\u00e4 esitell\u00e4\u00e4n\u00a0Erkki Heikkinen,\u00a0Outi Heiskanen\u00a0ja\u00a0Otso Kantokorpi.<\/p>\n<p>Kirjan toinen teema on El\u00e4m\u00e4\u00e4 taiteilijaperheiss\u00e4. Aiheesta kertovat Sari Bremer, Kristiina Drews ja Mikko Toikka, Erkki, Sakari ja Ossi Kannosto, Jarmo ja Rauha M\u00e4kil\u00e4 sek\u00e4 Susanne Somersalo.<\/p>\n<p>Muita kirjoittajia ovat mm.\u00a0Kuutti Lavonen,\u00a0Mervi Lehmusoksa,\u00a0Sinikka Tuomi\u00a0ja\u00a0Katri Wanner-Salmi.<\/p>\n<p>Runsas kuvitus kattaa historiallisia kuvia niin Saskioiden kotialbumeista kuin Saskioille l\u00e4heisten taiteilijoiden teoksista.<\/p>\n<p>Kirjaa voi tilata 20 \u20ac hintaan.<\/p>\n<p><strong>Kirjatiedustelut Maria Liisa Saastamoinen<\/strong>, marialiisasaastamoinen@gmail.com, 040 717 2208<\/p>\n<p><img decoding=\"async\" loading=\"lazy\" class=\"alignnone wp-image-2047 size-medium\" src=\"http:\/\/www.saskia.fi\/wp-content\/uploads\/2024\/09\/historiikki1-236x300.jpg\" alt=\"\" width=\"236\" height=\"300\" srcset=\"https:\/\/www.saskia.fi\/wp-content\/uploads\/2024\/09\/historiikki1-236x300.jpg 236w, https:\/\/www.saskia.fi\/wp-content\/uploads\/2024\/09\/historiikki1.jpg 300w\" sizes=\"(max-width: 236px) 100vw, 236px\" \/>\u00a0 \u00a0<img decoding=\"async\" loading=\"lazy\" class=\"alignnone wp-image-2048 size-medium\" src=\"http:\/\/www.saskia.fi\/wp-content\/uploads\/2024\/09\/historiikki2-207x300.jpg\" alt=\"\" width=\"207\" height=\"300\" srcset=\"https:\/\/www.saskia.fi\/wp-content\/uploads\/2024\/09\/historiikki2-207x300.jpg 207w, https:\/\/www.saskia.fi\/wp-content\/uploads\/2024\/09\/historiikki2.jpg 300w\" sizes=\"(max-width: 207px) 100vw, 207px\" \/>\u00a0 \u00a0<img decoding=\"async\" loading=\"lazy\" class=\"alignnone wp-image-2049 size-medium\" src=\"http:\/\/www.saskia.fi\/wp-content\/uploads\/2024\/09\/historiikki3-205x300.jpg\" alt=\"\" width=\"205\" height=\"300\" srcset=\"https:\/\/www.saskia.fi\/wp-content\/uploads\/2024\/09\/historiikki3-205x300.jpg 205w, https:\/\/www.saskia.fi\/wp-content\/uploads\/2024\/09\/historiikki3.jpg 300w\" sizes=\"(max-width: 205px) 100vw, 205px\" \/><\/p>\n<h3 id=\"saskia-mitali\">Saskia-mitali<\/h3>\n<p>Helsingin Saskia ry:n t\u00e4ytt\u00e4ess\u00e4 50-vuotta vuonna <strong>1998<\/strong> tilattiin kuvanveist\u00e4j\u00e4 Pertti Kukkoselta Saskia-mitali. Mitalia jaetaan henkil\u00f6ille tai yhteis\u00f6ille, jotka ovat merkitt\u00e4v\u00e4ll\u00e4 panoksella tukeneet Saskioiden toimintaa tai p\u00e4\u00e4m\u00e4\u00e4ri\u00e4. Mitalin luovuttamisesta ja saajista p\u00e4\u00e4tt\u00e4\u00e4 hallitus.<\/p>\n<p><img decoding=\"async\" loading=\"lazy\" class=\"alignnone wp-image-2063 size-thumbnail\" src=\"http:\/\/www.saskia.fi\/wp-content\/uploads\/2024\/09\/mitali-150x150.jpg\" alt=\"\" width=\"150\" height=\"150\" \/><\/p>\n<h4><strong>Mitalin saajat<\/strong><\/h4>\n<ul>\n<li>2024 Pirkko ja Markku Aho<\/li>\n<li>2022 Kristiina Drews<\/li>\n<li>2021 Sinikka Tuomi<\/li>\n<li>2020 Maj-Lis Pitk\u00e4nen<\/li>\n<li>2019 Sirpa Viljanen<\/li>\n<li>2016 Ilkka Taipale<\/li>\n<li>2015 Jussi Tiainen<\/li>\n<li>2014 Antero Koskinen, Tuula Jokela ja Liisa Viljanen<\/li>\n<li>2013 Otso Kantokorpi<\/li>\n<li>2012 Tella Pajulahti ja Olli Pajulahti<\/li>\n<li>2011 Eeva Litmanen<\/li>\n<li>2010 Pirkko Pasanen<\/li>\n<li>2009 Liisa ja Seppo Laamanen<\/li>\n<li>2008 Outi Heiskanen ja Raija Ryyn\u00e4nen<\/li>\n<li>2007 Claes Andersson<\/li>\n<li>2006 Seppo Seitsalo<\/li>\n<li>2005 Pirkko Westerlund ja Sven-Olof Westerlund<\/li>\n<li>2002 Tytti Soikkeli<\/li>\n<li>2001 Vexi Salmi<\/li>\n<li>1998 Marjatta Konttinen, Katja R\u00e4s\u00e4nen, Kerttu Somersalo ja Annikki Tukiainen<\/li>\n<\/ul>\n<\/div>\n","protected":false},"excerpt":{"rendered":"<p>Otsikot Toiminta Varainhankinta Historiaa Esikuvana Rembrandtin Saskia Historiikkijulkaisut Saskia-mitali 77 vuotta ty\u00f6t\u00e4 taiteilijoiden ja taiteen hyv\u00e4ksi Helsingin Saskia ry on taiteilijoiden puolisoiden vuonna 1948 perustama yhdistys. Yhdistys harjoittaa yleishy\u00f6dyllist\u00e4 hyv\u00e4ntekev\u00e4isyystoimintaa. Kaikki j\u00e4senet ty\u00f6skentelev\u00e4t vapaaehtoispohjalta. S\u00e4\u00e4nt\u00f6jen mukaan Helsingin Saskia ry: edist\u00e4\u00e4 ja tukee kuvataiteita. tukee aineellisesti ja henkisesti sairauden, kuolemantapauksen tai muun vastaavan syyn takia vaikeuksiin [&hellip;]<\/p>\n","protected":false},"author":2,"featured_media":0,"parent":0,"menu_order":0,"comment_status":"closed","ping_status":"closed","template":"","meta":[],"_links":{"self":[{"href":"https:\/\/www.saskia.fi\/index.php\/wp-json\/wp\/v2\/pages\/7"}],"collection":[{"href":"https:\/\/www.saskia.fi\/index.php\/wp-json\/wp\/v2\/pages"}],"about":[{"href":"https:\/\/www.saskia.fi\/index.php\/wp-json\/wp\/v2\/types\/page"}],"author":[{"embeddable":true,"href":"https:\/\/www.saskia.fi\/index.php\/wp-json\/wp\/v2\/users\/2"}],"replies":[{"embeddable":true,"href":"https:\/\/www.saskia.fi\/index.php\/wp-json\/wp\/v2\/comments?post=7"}],"version-history":[{"count":46,"href":"https:\/\/www.saskia.fi\/index.php\/wp-json\/wp\/v2\/pages\/7\/revisions"}],"predecessor-version":[{"id":2964,"href":"https:\/\/www.saskia.fi\/index.php\/wp-json\/wp\/v2\/pages\/7\/revisions\/2964"}],"wp:attachment":[{"href":"https:\/\/www.saskia.fi\/index.php\/wp-json\/wp\/v2\/media?parent=7"}],"curies":[{"name":"wp","href":"https:\/\/api.w.org\/{rel}","templated":true}]}}